{"id":673,"date":"2021-08-18T15:39:11","date_gmt":"2021-08-18T15:39:11","guid":{"rendered":"https:\/\/www.misericordiadeseia.pt\/erpi\/?page_id=673"},"modified":"2025-02-20T15:28:04","modified_gmt":"2025-02-20T15:28:04","slug":"pre-inscricao","status":"publish","type":"page","link":"https:\/\/www.misericordiadeseia.pt\/erpi\/pre-inscricao\/","title":{"rendered":"Pr\u00e9 Inscri\u00e7\u00e3o"},"content":{"rendered":"\t\t<div data-elementor-type=\"wp-page\" data-elementor-id=\"673\" class=\"elementor elementor-673\" data-elementor-post-type=\"page\">\n\t\t\t\t\t\t<section class=\"elementor-section elementor-top-section elementor-element elementor-element-962dd58 elementor-section-boxed elementor-section-height-default elementor-section-height-default\" data-id=\"962dd58\" data-element_type=\"section\" data-settings=\"{&quot;background_background&quot;:&quot;classic&quot;,&quot;shape_divider_bottom&quot;:&quot;arrow&quot;,&quot;shape_divider_bottom_negative&quot;:&quot;yes&quot;}\">\n\t\t\t\t\t<div class=\"elementor-shape elementor-shape-bottom\" data-negative=\"true\">\n\t\t\t<svg xmlns=\"http:\/\/www.w3.org\/2000\/svg\" viewBox=\"0 0 700 10\" preserveAspectRatio=\"none\">\n\t<path class=\"elementor-shape-fill\" d=\"M360 0L350 9.9 340 0 0 0 0 10 700 10 700 0\"\/>\n<\/svg>\t\t<\/div>\n\t\t\t\t\t<div class=\"elementor-container elementor-column-gap-default\">\n\t\t\t\t\t<div class=\"elementor-column elementor-col-100 elementor-top-column elementor-element elementor-element-d10912a\" data-id=\"d10912a\" data-element_type=\"column\">\n\t\t\t<div class=\"elementor-widget-wrap elementor-element-populated\">\n\t\t\t\t\t\t<div class=\"elementor-element elementor-element-693cbc5 elementor-widget elementor-widget-heading\" data-id=\"693cbc5\" data-element_type=\"widget\" data-widget_type=\"heading.default\">\n\t\t\t\t<div class=\"elementor-widget-container\">\n\t\t\t\t\t<h2 class=\"elementor-heading-title elementor-size-default\">Pr\u00e9 Inscri\u00e7\u00e3o<\/h2>\t\t\t\t<\/div>\n\t\t\t\t<\/div>\n\t\t\t\t<div class=\"elementor-element elementor-element-73315f9 elementor-widget-divider--view-line elementor-widget elementor-widget-divider\" data-id=\"73315f9\" data-element_type=\"widget\" data-widget_type=\"divider.default\">\n\t\t\t\t<div class=\"elementor-widget-container\">\n\t\t\t\t\t\t\t<div class=\"elementor-divider\">\n\t\t\t<span class=\"elementor-divider-separator\">\n\t\t\t\t\t\t<\/span>\n\t\t<\/div>\n\t\t\t\t\t\t<\/div>\n\t\t\t\t<\/div>\n\t\t\t\t\t<\/div>\n\t\t<\/div>\n\t\t\t\t\t<\/div>\n\t\t<\/section>\n\t\t\t\t<section class=\"elementor-section elementor-top-section elementor-element elementor-element-1f27753 elementor-section-boxed elementor-section-height-default elementor-section-height-default\" data-id=\"1f27753\" data-element_type=\"section\">\n\t\t\t\t\t\t<div class=\"elementor-container elementor-column-gap-default\">\n\t\t\t\t\t<div class=\"elementor-column elementor-col-100 elementor-top-column elementor-element elementor-element-60de31d\" data-id=\"60de31d\" data-element_type=\"column\">\n\t\t\t<div class=\"elementor-widget-wrap elementor-element-populated\">\n\t\t\t\t\t\t<div class=\"elementor-element elementor-element-89eb01b elementor-widget elementor-widget-spacer\" data-id=\"89eb01b\" data-element_type=\"widget\" data-widget_type=\"spacer.default\">\n\t\t\t\t<div class=\"elementor-widget-container\">\n\t\t\t\t\t\t\t<div class=\"elementor-spacer\">\n\t\t\t<div class=\"elementor-spacer-inner\"><\/div>\n\t\t<\/div>\n\t\t\t\t\t\t<\/div>\n\t\t\t\t<\/div>\n\t\t\t\t\t<\/div>\n\t\t<\/div>\n\t\t\t\t\t<\/div>\n\t\t<\/section>\n\t\t\t\t<section class=\"elementor-section elementor-top-section elementor-element elementor-element-a1732e8 elementor-section-boxed elementor-section-height-default elementor-section-height-default\" data-id=\"a1732e8\" data-element_type=\"section\">\n\t\t\t\t\t\t<div class=\"elementor-container elementor-column-gap-default\">\n\t\t\t\t\t<div class=\"elementor-column elementor-col-100 elementor-top-column elementor-element elementor-element-5994a09\" data-id=\"5994a09\" data-element_type=\"column\">\n\t\t\t<div class=\"elementor-widget-wrap elementor-element-populated\">\n\t\t\t\t\t\t<div class=\"elementor-element elementor-element-0a83392 scms-form form-light-bg elementor-widget elementor-widget-shortcode\" data-id=\"0a83392\" data-element_type=\"widget\" data-widget_type=\"shortcode.default\">\n\t\t\t\t<div class=\"elementor-widget-container\">\n\t\t\t\t\t\t\t<div class=\"elementor-shortcode\">\n<div class=\"wpcf7 no-js\" id=\"wpcf7-f690-o1\" lang=\"pt-PT\" dir=\"ltr\" data-wpcf7-id=\"690\">\n<div class=\"screen-reader-response\"><p role=\"status\" aria-live=\"polite\" aria-atomic=\"true\"><\/p> <ul><\/ul><\/div>\n<form action=\"\/erpi\/wp-json\/wp\/v2\/pages\/673?doing_wp_cron=1775365664.4775218963623046875000#wpcf7-f690-o1\" method=\"post\" class=\"wpcf7-form init\" aria-label=\"Formul\u00e1rio de contacto\" novalidate=\"novalidate\" data-status=\"init\">\n<fieldset class=\"hidden-fields-container\"><input type=\"hidden\" name=\"_wpcf7\" value=\"690\" \/><input type=\"hidden\" name=\"_wpcf7_version\" value=\"6.1.5\" \/><input type=\"hidden\" name=\"_wpcf7_locale\" value=\"pt_PT\" \/><input type=\"hidden\" name=\"_wpcf7_unit_tag\" value=\"wpcf7-f690-o1\" \/><input type=\"hidden\" name=\"_wpcf7_container_post\" value=\"0\" \/><input type=\"hidden\" name=\"_wpcf7_posted_data_hash\" value=\"\" \/><input type=\"hidden\" name=\"_wpcf7_recaptcha_response\" value=\"\" \/>\n<\/fieldset>\n<p><label> Nome *<br \/>\n<span class=\"wpcf7-form-control-wrap\" data-name=\"your-name\"><input size=\"40\" maxlength=\"400\" class=\"wpcf7-form-control wpcf7-text wpcf7-validates-as-required\" aria-required=\"true\" aria-invalid=\"false\" value=\"\" type=\"text\" name=\"your-name\" \/><\/span> <\/label>\n<\/p>\n<p><label> Email *<br \/>\n<span class=\"wpcf7-form-control-wrap\" data-name=\"your-email\"><input size=\"40\" maxlength=\"400\" class=\"wpcf7-form-control wpcf7-email wpcf7-validates-as-required wpcf7-text wpcf7-validates-as-email\" aria-required=\"true\" aria-invalid=\"false\" value=\"\" type=\"email\" name=\"your-email\" \/><\/span> <\/label>\n<\/p>\n<p><label> Telefone *<br \/>\n<span class=\"wpcf7-form-control-wrap\" data-name=\"your-tel\"><input size=\"40\" maxlength=\"400\" class=\"wpcf7-form-control wpcf7-text wpcf7-validates-as-required\" aria-required=\"true\" aria-invalid=\"false\" value=\"\" type=\"text\" name=\"your-tel\" \/><\/span> <\/label>\n<\/p>\n<p><label> Observa\u00e7\u00f5es<br \/>\n<span class=\"wpcf7-form-control-wrap\" data-name=\"your-message\"><textarea cols=\"40\" rows=\"10\" maxlength=\"2000\" class=\"wpcf7-form-control wpcf7-textarea\" aria-invalid=\"false\" name=\"your-message\"><\/textarea><\/span> <\/label>\n<\/p>\n<p><span class=\"wpcf7-form-control-wrap\" data-name=\"acceptance-173\"><span class=\"wpcf7-form-control wpcf7-acceptance\"><span class=\"wpcf7-list-item\"><label><input type=\"checkbox\" name=\"acceptance-173\" value=\"1\" aria-invalid=\"false\" \/><span class=\"wpcf7-list-item-label\">Li e aceito a <a href=\"#\">Pol\u00edtica de Privacidade<\/a><\/span><\/label><\/span><\/span><\/span>\n<\/p>\n<p><small>* Campos obrigat\u00f3rios<\/small>\n<\/p>\n<p><input class=\"wpcf7-form-control wpcf7-submit has-spinner\" type=\"submit\" value=\"Submeter Pr\u00e9 Inscri\u00e7\u00e3o\" \/>\n<\/p><div class=\"wpcf7-response-output\" aria-hidden=\"true\"><\/div>\n<\/form>\n<\/div>\n<\/div>\n\t\t\t\t\t\t<\/div>\n\t\t\t\t<\/div>\n\t\t\t\t\t<\/div>\n\t\t<\/div>\n\t\t\t\t\t<\/div>\n\t\t<\/section>\n\t\t\t\t<section class=\"elementor-section elementor-top-section elementor-element elementor-element-7725f53 elementor-section-boxed elementor-section-height-default elementor-section-height-default\" data-id=\"7725f53\" data-element_type=\"section\">\n\t\t\t\t\t\t<div class=\"elementor-container elementor-column-gap-default\">\n\t\t\t\t\t<div class=\"elementor-column elementor-col-100 elementor-top-column elementor-element elementor-element-f08917c\" data-id=\"f08917c\" data-element_type=\"column\">\n\t\t\t<div class=\"elementor-widget-wrap elementor-element-populated\">\n\t\t\t\t\t\t<div class=\"elementor-element elementor-element-c7350eb elementor-widget elementor-widget-spacer\" data-id=\"c7350eb\" data-element_type=\"widget\" data-widget_type=\"spacer.default\">\n\t\t\t\t<div class=\"elementor-widget-container\">\n\t\t\t\t\t\t\t<div class=\"elementor-spacer\">\n\t\t\t<div class=\"elementor-spacer-inner\"><\/div>\n\t\t<\/div>\n\t\t\t\t\t\t<\/div>\n\t\t\t\t<\/div>\n\t\t\t\t\t<\/div>\n\t\t<\/div>\n\t\t\t\t\t<\/div>\n\t\t<\/section>\n\t\t\t\t<section class=\"elementor-section elementor-top-section elementor-element elementor-element-78fd39d elementor-section-boxed elementor-section-height-default elementor-section-height-default\" data-id=\"78fd39d\" data-element_type=\"section\" data-settings=\"{&quot;background_background&quot;:&quot;classic&quot;,&quot;background_motion_fx_motion_fx_scrolling&quot;:&quot;yes&quot;,&quot;background_motion_fx_translateY_effect&quot;:&quot;yes&quot;,&quot;background_motion_fx_translateY_speed&quot;:{&quot;unit&quot;:&quot;px&quot;,&quot;size&quot;:10,&quot;sizes&quot;:[]},&quot;background_motion_fx_translateY_affectedRange&quot;:{&quot;unit&quot;:&quot;%&quot;,&quot;size&quot;:&quot;&quot;,&quot;sizes&quot;:{&quot;start&quot;:0,&quot;end&quot;:100}},&quot;background_motion_fx_devices&quot;:[&quot;desktop&quot;,&quot;tablet&quot;,&quot;mobile&quot;]}\">\n\t\t\t\t\t\t\t<div class=\"elementor-background-overlay\"><\/div>\n\t\t\t\t\t\t\t<div class=\"elementor-container elementor-column-gap-default\">\n\t\t\t\t\t<div class=\"elementor-column elementor-col-50 elementor-top-column elementor-element elementor-element-5c3cf6b\" data-id=\"5c3cf6b\" data-element_type=\"column\">\n\t\t\t<div class=\"elementor-widget-wrap elementor-element-populated\">\n\t\t\t\t\t\t<div class=\"elementor-element elementor-element-ab14b31 elementor-widget elementor-widget-heading\" data-id=\"ab14b31\" data-element_type=\"widget\" data-widget_type=\"heading.default\">\n\t\t\t\t<div class=\"elementor-widget-container\">\n\t\t\t\t\t<h2 class=\"elementor-heading-title elementor-size-default\">Ainda tem d\u00favidas?<\/h2>\t\t\t\t<\/div>\n\t\t\t\t<\/div>\n\t\t\t\t<div class=\"elementor-element elementor-element-18b417d elementor-widget elementor-widget-text-editor\" data-id=\"18b417d\" data-element_type=\"widget\" data-widget_type=\"text-editor.default\">\n\t\t\t\t<div class=\"elementor-widget-container\">\n\t\t\t\t\t\t\t\t\t<p>Estamos \u00e0 disposi\u00e7\u00e3o para responder a qualquer quest\u00e3o.<br \/>Fale connosco e diga-nos como podemos ajudar.<\/p>\t\t\t\t\t\t\t\t<\/div>\n\t\t\t\t<\/div>\n\t\t\t\t\t<\/div>\n\t\t<\/div>\n\t\t\t\t<div class=\"elementor-column elementor-col-50 elementor-top-column elementor-element elementor-element-7e863d9\" data-id=\"7e863d9\" data-element_type=\"column\">\n\t\t\t<div class=\"elementor-widget-wrap elementor-element-populated\">\n\t\t\t\t\t\t<div class=\"elementor-element elementor-element-c666a74 elementor-mobile-align-justify elementor-widget elementor-widget-button\" data-id=\"c666a74\" data-element_type=\"widget\" data-widget_type=\"button.default\">\n\t\t\t\t<div class=\"elementor-widget-container\">\n\t\t\t\t\t\t\t\t\t<div class=\"elementor-button-wrapper\">\n\t\t\t\t\t<a class=\"elementor-button elementor-button-link elementor-size-sm\" href=\"tel:+351238310080\">\n\t\t\t\t\t\t<span class=\"elementor-button-content-wrapper\">\n\t\t\t\t\t\t<span class=\"elementor-button-icon\">\n\t\t\t\t<i aria-hidden=\"true\" class=\"fas fa-chevron-right\"><\/i>\t\t\t<\/span>\n\t\t\t\t\t\t\t\t\t<span class=\"elementor-button-text\">Ligue-nos agora<\/span>\n\t\t\t\t\t<\/span>\n\t\t\t\t\t<\/a>\n\t\t\t\t<\/div>\n\t\t\t\t\t\t\t\t<\/div>\n\t\t\t\t<\/div>\n\t\t\t\t<div class=\"elementor-element elementor-element-a558ca3 elementor-mobile-align-justify elementor-widget elementor-widget-button\" data-id=\"a558ca3\" data-element_type=\"widget\" data-widget_type=\"button.default\">\n\t\t\t\t<div class=\"elementor-widget-container\">\n\t\t\t\t\t\t\t\t\t<div class=\"elementor-button-wrapper\">\n\t\t\t\t\t<a class=\"elementor-button elementor-button-link elementor-size-sm\" href=\"https:\/\/www.misericordiadeseia.pt\/erpi\/contactos\/\">\n\t\t\t\t\t\t<span class=\"elementor-button-content-wrapper\">\n\t\t\t\t\t\t<span class=\"elementor-button-icon\">\n\t\t\t\t<i aria-hidden=\"true\" class=\"fas fa-chevron-right\"><\/i>\t\t\t<\/span>\n\t\t\t\t\t\t\t\t\t<span class=\"elementor-button-text\">Envie-nos uma mensagem<\/span>\n\t\t\t\t\t<\/span>\n\t\t\t\t\t<\/a>\n\t\t\t\t<\/div>\n\t\t\t\t\t\t\t\t<\/div>\n\t\t\t\t<\/div>\n\t\t\t\t\t<\/div>\n\t\t<\/div>\n\t\t\t\t\t<\/div>\n\t\t<\/section>\n\t\t\t\t<\/div>\n\t\t","protected":false},"excerpt":{"rendered":"<p>Pr\u00e9 Inscri\u00e7\u00e3o Ainda tem d\u00favidas? Estamos \u00e0 disposi\u00e7\u00e3o para responder a qualquer quest\u00e3o.Fale connosco e diga-nos como podemos ajudar. Ligue-nos agora Envie-nos uma mensagem<\/p>\n","protected":false},"author":3,"featured_media":0,"parent":0,"menu_order":0,"comment_status":"closed","ping_status":"closed","template":"elementor_header_footer","meta":{"footnotes":""},"class_list":["post-673","page","type-page","status-publish","hentry"],"yoast_head":"<!-- This site is optimized with the Yoast SEO plugin v27.3 - https:\/\/yoast.com\/product\/yoast-seo-wordpress\/ -->\n<title>Pr\u00e9 Inscri\u00e7\u00e3o - Miseric\u00f3rdia de Seia - ERPI<\/title>\n<meta name=\"robots\" content=\"index, follow, max-snippet:-1, max-image-preview:large, max-video-preview:-1\" \/>\n<link rel=\"canonical\" href=\"https:\/\/www.misericordiadeseia.pt\/erpi\/pre-inscricao\/\" \/>\n<meta property=\"og:locale\" content=\"pt_PT\" \/>\n<meta property=\"og:type\" content=\"article\" \/>\n<meta property=\"og:title\" content=\"Pr\u00e9 Inscri\u00e7\u00e3o - Miseric\u00f3rdia de Seia - ERPI\" \/>\n<meta property=\"og:description\" content=\"Pr\u00e9 Inscri\u00e7\u00e3o Ainda tem d\u00favidas? Estamos \u00e0 disposi\u00e7\u00e3o para responder a qualquer quest\u00e3o.Fale connosco e diga-nos como podemos ajudar. Ligue-nos agora Envie-nos uma mensagem\" \/>\n<meta property=\"og:url\" content=\"https:\/\/www.misericordiadeseia.pt\/erpi\/pre-inscricao\/\" \/>\n<meta property=\"og:site_name\" content=\"Miseric\u00f3rdia de Seia - ERPI\" \/>\n<meta property=\"article:modified_time\" content=\"2025-02-20T15:28:04+00:00\" \/>\n<meta name=\"twitter:card\" content=\"summary_large_image\" \/>\n<meta name=\"twitter:label1\" content=\"Tempo estimado de leitura\" \/>\n\t<meta name=\"twitter:data1\" content=\"1 minuto\" \/>\n<script type=\"application\/ld+json\" class=\"yoast-schema-graph\">{\"@context\":\"https:\\\/\\\/schema.org\",\"@graph\":[{\"@type\":\"WebPage\",\"@id\":\"https:\\\/\\\/www.misericordiadeseia.pt\\\/erpi\\\/pre-inscricao\\\/\",\"url\":\"https:\\\/\\\/www.misericordiadeseia.pt\\\/erpi\\\/pre-inscricao\\\/\",\"name\":\"Pr\u00e9 Inscri\u00e7\u00e3o - Miseric\u00f3rdia de Seia - ERPI\",\"isPartOf\":{\"@id\":\"https:\\\/\\\/www.misericordiadeseia.pt\\\/erpi\\\/#website\"},\"datePublished\":\"2021-08-18T15:39:11+00:00\",\"dateModified\":\"2025-02-20T15:28:04+00:00\",\"breadcrumb\":{\"@id\":\"https:\\\/\\\/www.misericordiadeseia.pt\\\/erpi\\\/pre-inscricao\\\/#breadcrumb\"},\"inLanguage\":\"pt-PT\",\"potentialAction\":[{\"@type\":\"ReadAction\",\"target\":[\"https:\\\/\\\/www.misericordiadeseia.pt\\\/erpi\\\/pre-inscricao\\\/\"]}]},{\"@type\":\"BreadcrumbList\",\"@id\":\"https:\\\/\\\/www.misericordiadeseia.pt\\\/erpi\\\/pre-inscricao\\\/#breadcrumb\",\"itemListElement\":[{\"@type\":\"ListItem\",\"position\":1,\"name\":\"In\u00edcio\",\"item\":\"https:\\\/\\\/www.misericordiadeseia.pt\\\/erpi\\\/\"},{\"@type\":\"ListItem\",\"position\":2,\"name\":\"Pr\u00e9 Inscri\u00e7\u00e3o\"}]},{\"@type\":\"WebSite\",\"@id\":\"https:\\\/\\\/www.misericordiadeseia.pt\\\/erpi\\\/#website\",\"url\":\"https:\\\/\\\/www.misericordiadeseia.pt\\\/erpi\\\/\",\"name\":\"Miseric\u00f3rdia de Seia - ERPI\",\"description\":\"Estrutura Residencial para Pessoas Idosas\",\"publisher\":{\"@id\":\"https:\\\/\\\/www.misericordiadeseia.pt\\\/erpi\\\/#organization\"},\"potentialAction\":[{\"@type\":\"SearchAction\",\"target\":{\"@type\":\"EntryPoint\",\"urlTemplate\":\"https:\\\/\\\/www.misericordiadeseia.pt\\\/erpi\\\/?s={search_term_string}\"},\"query-input\":{\"@type\":\"PropertyValueSpecification\",\"valueRequired\":true,\"valueName\":\"search_term_string\"}}],\"inLanguage\":\"pt-PT\"},{\"@type\":\"Organization\",\"@id\":\"https:\\\/\\\/www.misericordiadeseia.pt\\\/erpi\\\/#organization\",\"name\":\"Miseric\u00f3rdia de Seia - ERPI\",\"url\":\"https:\\\/\\\/www.misericordiadeseia.pt\\\/erpi\\\/\",\"logo\":{\"@type\":\"ImageObject\",\"inLanguage\":\"pt-PT\",\"@id\":\"https:\\\/\\\/www.misericordiadeseia.pt\\\/erpi\\\/#\\\/schema\\\/logo\\\/image\\\/\",\"url\":\"https:\\\/\\\/www.misericordiadeseia.pt\\\/erpi\\\/wp-content\\\/uploads\\\/2021\\\/03\\\/logo-misericordiadeseia.png\",\"contentUrl\":\"https:\\\/\\\/www.misericordiadeseia.pt\\\/erpi\\\/wp-content\\\/uploads\\\/2021\\\/03\\\/logo-misericordiadeseia.png\",\"width\":1646,\"height\":445,\"caption\":\"Miseric\u00f3rdia de Seia - ERPI\"},\"image\":{\"@id\":\"https:\\\/\\\/www.misericordiadeseia.pt\\\/erpi\\\/#\\\/schema\\\/logo\\\/image\\\/\"}}]}<\/script>\n<!-- \/ Yoast SEO plugin. -->","yoast_head_json":{"title":"Pr\u00e9 Inscri\u00e7\u00e3o - Miseric\u00f3rdia de Seia - ERPI","robots":{"index":"index","follow":"follow","max-snippet":"max-snippet:-1","max-image-preview":"max-image-preview:large","max-video-preview":"max-video-preview:-1"},"canonical":"https:\/\/www.misericordiadeseia.pt\/erpi\/pre-inscricao\/","og_locale":"pt_PT","og_type":"article","og_title":"Pr\u00e9 Inscri\u00e7\u00e3o - Miseric\u00f3rdia de Seia - ERPI","og_description":"Pr\u00e9 Inscri\u00e7\u00e3o Ainda tem d\u00favidas? Estamos \u00e0 disposi\u00e7\u00e3o para responder a qualquer quest\u00e3o.Fale connosco e diga-nos como podemos ajudar. Ligue-nos agora Envie-nos uma mensagem","og_url":"https:\/\/www.misericordiadeseia.pt\/erpi\/pre-inscricao\/","og_site_name":"Miseric\u00f3rdia de Seia - ERPI","article_modified_time":"2025-02-20T15:28:04+00:00","twitter_card":"summary_large_image","twitter_misc":{"Tempo estimado de leitura":"1 minuto"},"schema":{"@context":"https:\/\/schema.org","@graph":[{"@type":"WebPage","@id":"https:\/\/www.misericordiadeseia.pt\/erpi\/pre-inscricao\/","url":"https:\/\/www.misericordiadeseia.pt\/erpi\/pre-inscricao\/","name":"Pr\u00e9 Inscri\u00e7\u00e3o - Miseric\u00f3rdia de Seia - ERPI","isPartOf":{"@id":"https:\/\/www.misericordiadeseia.pt\/erpi\/#website"},"datePublished":"2021-08-18T15:39:11+00:00","dateModified":"2025-02-20T15:28:04+00:00","breadcrumb":{"@id":"https:\/\/www.misericordiadeseia.pt\/erpi\/pre-inscricao\/#breadcrumb"},"inLanguage":"pt-PT","potentialAction":[{"@type":"ReadAction","target":["https:\/\/www.misericordiadeseia.pt\/erpi\/pre-inscricao\/"]}]},{"@type":"BreadcrumbList","@id":"https:\/\/www.misericordiadeseia.pt\/erpi\/pre-inscricao\/#breadcrumb","itemListElement":[{"@type":"ListItem","position":1,"name":"In\u00edcio","item":"https:\/\/www.misericordiadeseia.pt\/erpi\/"},{"@type":"ListItem","position":2,"name":"Pr\u00e9 Inscri\u00e7\u00e3o"}]},{"@type":"WebSite","@id":"https:\/\/www.misericordiadeseia.pt\/erpi\/#website","url":"https:\/\/www.misericordiadeseia.pt\/erpi\/","name":"Miseric\u00f3rdia de Seia - ERPI","description":"Estrutura Residencial para Pessoas Idosas","publisher":{"@id":"https:\/\/www.misericordiadeseia.pt\/erpi\/#organization"},"potentialAction":[{"@type":"SearchAction","target":{"@type":"EntryPoint","urlTemplate":"https:\/\/www.misericordiadeseia.pt\/erpi\/?s={search_term_string}"},"query-input":{"@type":"PropertyValueSpecification","valueRequired":true,"valueName":"search_term_string"}}],"inLanguage":"pt-PT"},{"@type":"Organization","@id":"https:\/\/www.misericordiadeseia.pt\/erpi\/#organization","name":"Miseric\u00f3rdia de Seia - ERPI","url":"https:\/\/www.misericordiadeseia.pt\/erpi\/","logo":{"@type":"ImageObject","inLanguage":"pt-PT","@id":"https:\/\/www.misericordiadeseia.pt\/erpi\/#\/schema\/logo\/image\/","url":"https:\/\/www.misericordiadeseia.pt\/erpi\/wp-content\/uploads\/2021\/03\/logo-misericordiadeseia.png","contentUrl":"https:\/\/www.misericordiadeseia.pt\/erpi\/wp-content\/uploads\/2021\/03\/logo-misericordiadeseia.png","width":1646,"height":445,"caption":"Miseric\u00f3rdia de Seia - ERPI"},"image":{"@id":"https:\/\/www.misericordiadeseia.pt\/erpi\/#\/schema\/logo\/image\/"}}]}},"_links":{"self":[{"href":"https:\/\/www.misericordiadeseia.pt\/erpi\/wp-json\/wp\/v2\/pages\/673","targetHints":{"allow":["GET"]}}],"collection":[{"href":"https:\/\/www.misericordiadeseia.pt\/erpi\/wp-json\/wp\/v2\/pages"}],"about":[{"href":"https:\/\/www.misericordiadeseia.pt\/erpi\/wp-json\/wp\/v2\/types\/page"}],"author":[{"embeddable":true,"href":"https:\/\/www.misericordiadeseia.pt\/erpi\/wp-json\/wp\/v2\/users\/3"}],"replies":[{"embeddable":true,"href":"https:\/\/www.misericordiadeseia.pt\/erpi\/wp-json\/wp\/v2\/comments?post=673"}],"version-history":[{"count":30,"href":"https:\/\/www.misericordiadeseia.pt\/erpi\/wp-json\/wp\/v2\/pages\/673\/revisions"}],"predecessor-version":[{"id":1095,"href":"https:\/\/www.misericordiadeseia.pt\/erpi\/wp-json\/wp\/v2\/pages\/673\/revisions\/1095"}],"wp:attachment":[{"href":"https:\/\/www.misericordiadeseia.pt\/erpi\/wp-json\/wp\/v2\/media?parent=673"}],"curies":[{"name":"wp","href":"https:\/\/api.w.org\/{rel}","templated":true}]}}