{"id":79,"date":"2021-07-20T11:44:22","date_gmt":"2021-07-20T11:44:22","guid":{"rendered":"https:\/\/www.misericordiadeseia.pt\/erpi\/?page_id=79"},"modified":"2025-02-20T15:38:07","modified_gmt":"2025-02-20T15:38:07","slug":"admissao","status":"publish","type":"page","link":"https:\/\/www.misericordiadeseia.pt\/erpi\/admissao\/","title":{"rendered":"Inscri\u00e7\u00e3o"},"content":{"rendered":"\t\t<div data-elementor-type=\"wp-page\" data-elementor-id=\"79\" class=\"elementor elementor-79\" data-elementor-post-type=\"page\">\n\t\t\t\t\t\t<section class=\"elementor-section elementor-top-section elementor-element elementor-element-696fd1a elementor-section-boxed elementor-section-height-default elementor-section-height-default\" data-id=\"696fd1a\" data-element_type=\"section\" data-settings=\"{&quot;background_background&quot;:&quot;classic&quot;,&quot;shape_divider_bottom&quot;:&quot;arrow&quot;,&quot;shape_divider_bottom_negative&quot;:&quot;yes&quot;}\">\n\t\t\t\t\t<div class=\"elementor-shape elementor-shape-bottom\" data-negative=\"true\">\n\t\t\t<svg xmlns=\"http:\/\/www.w3.org\/2000\/svg\" viewBox=\"0 0 700 10\" preserveAspectRatio=\"none\">\n\t<path class=\"elementor-shape-fill\" d=\"M360 0L350 9.9 340 0 0 0 0 10 700 10 700 0\"\/>\n<\/svg>\t\t<\/div>\n\t\t\t\t\t<div class=\"elementor-container elementor-column-gap-default\">\n\t\t\t\t\t<div class=\"elementor-column elementor-col-100 elementor-top-column elementor-element elementor-element-8449401\" data-id=\"8449401\" data-element_type=\"column\">\n\t\t\t<div class=\"elementor-widget-wrap elementor-element-populated\">\n\t\t\t\t\t\t<div class=\"elementor-element elementor-element-f47467c elementor-widget elementor-widget-heading\" data-id=\"f47467c\" data-element_type=\"widget\" data-widget_type=\"heading.default\">\n\t\t\t\t<div class=\"elementor-widget-container\">\n\t\t\t\t\t<h2 class=\"elementor-heading-title elementor-size-default\">Inscri\u00e7\u00e3o<\/h2>\t\t\t\t<\/div>\n\t\t\t\t<\/div>\n\t\t\t\t<div class=\"elementor-element elementor-element-4f96fb6 elementor-widget-divider--view-line elementor-widget elementor-widget-divider\" data-id=\"4f96fb6\" data-element_type=\"widget\" data-widget_type=\"divider.default\">\n\t\t\t\t<div class=\"elementor-widget-container\">\n\t\t\t\t\t\t\t<div class=\"elementor-divider\">\n\t\t\t<span class=\"elementor-divider-separator\">\n\t\t\t\t\t\t<\/span>\n\t\t<\/div>\n\t\t\t\t\t\t<\/div>\n\t\t\t\t<\/div>\n\t\t\t\t\t<\/div>\n\t\t<\/div>\n\t\t\t\t\t<\/div>\n\t\t<\/section>\n\t\t\t\t<section class=\"elementor-section elementor-top-section elementor-element elementor-element-214c4e9 elementor-section-boxed elementor-section-height-default elementor-section-height-default\" data-id=\"214c4e9\" data-element_type=\"section\">\n\t\t\t\t\t\t<div class=\"elementor-container elementor-column-gap-default\">\n\t\t\t\t\t<div class=\"elementor-column elementor-col-100 elementor-top-column elementor-element elementor-element-4d02b74\" data-id=\"4d02b74\" data-element_type=\"column\">\n\t\t\t<div class=\"elementor-widget-wrap elementor-element-populated\">\n\t\t\t\t\t\t<div class=\"elementor-element elementor-element-b8df9ea elementor-widget elementor-widget-spacer\" data-id=\"b8df9ea\" data-element_type=\"widget\" data-widget_type=\"spacer.default\">\n\t\t\t\t<div class=\"elementor-widget-container\">\n\t\t\t\t\t\t\t<div class=\"elementor-spacer\">\n\t\t\t<div class=\"elementor-spacer-inner\"><\/div>\n\t\t<\/div>\n\t\t\t\t\t\t<\/div>\n\t\t\t\t<\/div>\n\t\t\t\t\t<\/div>\n\t\t<\/div>\n\t\t\t\t\t<\/div>\n\t\t<\/section>\n\t\t\t\t<section class=\"elementor-section elementor-top-section elementor-element elementor-element-18b5afa elementor-section-boxed elementor-section-height-default elementor-section-height-default\" data-id=\"18b5afa\" data-element_type=\"section\">\n\t\t\t\t\t\t<div class=\"elementor-container elementor-column-gap-default\">\n\t\t\t\t\t<div class=\"elementor-column elementor-col-100 elementor-top-column elementor-element elementor-element-5a1773e\" data-id=\"5a1773e\" data-element_type=\"column\">\n\t\t\t<div class=\"elementor-widget-wrap elementor-element-populated\">\n\t\t\t\t\t\t<div class=\"elementor-element elementor-element-3443278 elementor-widget elementor-widget-heading\" data-id=\"3443278\" data-element_type=\"widget\" data-widget_type=\"heading.default\">\n\t\t\t\t<div class=\"elementor-widget-container\">\n\t\t\t\t\t<h5 class=\"elementor-heading-title elementor-size-default\">Documentos para Inscri\u00e7\u00e3o<\/h5>\t\t\t\t<\/div>\n\t\t\t\t<\/div>\n\t\t\t\t<div class=\"elementor-element elementor-element-dc20e5a elementor-widget elementor-widget-text-editor\" data-id=\"dc20e5a\" data-element_type=\"widget\" data-widget_type=\"text-editor.default\">\n\t\t\t\t<div class=\"elementor-widget-container\">\n\t\t\t\t\t\t\t\t\t<ul id=\"eael-feature-list-01802da\" class=\"eael-feature-list-items circle stacked eael-feature-list-vertical\"><li class=\"eael-feature-list-item elementor-repeater-item-f9f3aaf\"><div class=\"eael-feature-list-content-box\"><div class=\"eael-feature-list-title\">Cart\u00e3o de Cidad\u00e3o ou Bilhete de Identidade<\/div><\/div><\/li><li class=\"eael-feature-list-item elementor-repeater-item-601280c\"><div class=\"eael-feature-list-icon-box\"><div class=\"eael-feature-list-icon-inner\">Cart\u00e3o de Sa\u00fade<\/div><\/div><\/li><li class=\"eael-feature-list-item elementor-repeater-item-dd29f04\"><div class=\"eael-feature-list-icon-box\"><div class=\"eael-feature-list-icon-inner\">Declara\u00e7\u00e3o M\u00e9dica comprovativa da situa\u00e7\u00e3o de sa\u00fade do candidato com um resumo do processo cl\u00ednico<\/div><\/div><\/li><li class=\"eael-feature-list-item elementor-repeater-item-81476e2\"><div class=\"eael-feature-list-icon-box\"><div class=\"eael-feature-list-icon-inner\">N\u00famero de Identifica\u00e7\u00e3o Fiscal<\/div><\/div><\/li><li class=\"eael-feature-list-item elementor-repeater-item-b8af195\"><div class=\"eael-feature-list-icon-box\"><div class=\"eael-feature-list-icon-inner\">Declara\u00e7\u00e3o de IRS ou na falta desta, outro comprovativo de rendimentos<\/div><\/div><\/li><li class=\"eael-feature-list-item elementor-repeater-item-ace45b9\"><div class=\"eael-feature-list-icon-box\"><div class=\"eael-feature-list-icon-inner\">Cart\u00e3o de benefici\u00e1rio da Seguran\u00e7a Social<\/div><\/div><\/li><li class=\"eael-feature-list-item elementor-repeater-item-6ee14b4\"><div class=\"eael-feature-list-icon-box\"><div class=\"eael-feature-list-icon-inner\">Declara\u00e7\u00e3o anual de pens\u00f5es, ou na aus\u00eancia de rendimentos, uma declara\u00e7\u00e3o comprovativa da Seguran\u00e7a Social<\/div><\/div><\/li><li class=\"eael-feature-list-item elementor-repeater-item-0973b54\"><div class=\"eael-feature-list-icon-box\"><div class=\"eael-feature-list-icon-inner\">CC do respons\u00e1vel pelo candidato<\/div><\/div><\/li><li class=\"eael-feature-list-item elementor-repeater-item-ea1fac7\"><div class=\"eael-feature-list-icon-box\"><div class=\"eael-feature-list-icon-inner\">Contactos de telefone e email do respons\u00e1vel<\/div><\/div><\/li><\/ul>\t\t\t\t\t\t\t\t<\/div>\n\t\t\t\t<\/div>\n\t\t\t\t\t<\/div>\n\t\t<\/div>\n\t\t\t\t\t<\/div>\n\t\t<\/section>\n\t\t\t\t<section class=\"elementor-section elementor-top-section elementor-element elementor-element-5eafbb7 elementor-section-boxed elementor-section-height-default elementor-section-height-default\" data-id=\"5eafbb7\" data-element_type=\"section\">\n\t\t\t\t\t\t<div class=\"elementor-container elementor-column-gap-default\">\n\t\t\t\t\t<div class=\"elementor-column elementor-col-100 elementor-top-column elementor-element elementor-element-ddc3c48\" data-id=\"ddc3c48\" data-element_type=\"column\">\n\t\t\t<div class=\"elementor-widget-wrap elementor-element-populated\">\n\t\t\t\t\t\t<div class=\"elementor-element elementor-element-b4b10a6 elementor-widget elementor-widget-spacer\" data-id=\"b4b10a6\" data-element_type=\"widget\" data-widget_type=\"spacer.default\">\n\t\t\t\t<div class=\"elementor-widget-container\">\n\t\t\t\t\t\t\t<div class=\"elementor-spacer\">\n\t\t\t<div class=\"elementor-spacer-inner\"><\/div>\n\t\t<\/div>\n\t\t\t\t\t\t<\/div>\n\t\t\t\t<\/div>\n\t\t\t\t\t<\/div>\n\t\t<\/div>\n\t\t\t\t\t<\/div>\n\t\t<\/section>\n\t\t\t\t<section class=\"elementor-section elementor-top-section elementor-element elementor-element-339db26 elementor-section-boxed elementor-section-height-default elementor-section-height-default\" data-id=\"339db26\" data-element_type=\"section\" data-settings=\"{&quot;background_background&quot;:&quot;classic&quot;,&quot;background_motion_fx_motion_fx_scrolling&quot;:&quot;yes&quot;,&quot;background_motion_fx_translateY_effect&quot;:&quot;yes&quot;,&quot;background_motion_fx_translateY_speed&quot;:{&quot;unit&quot;:&quot;px&quot;,&quot;size&quot;:10,&quot;sizes&quot;:[]},&quot;background_motion_fx_translateY_affectedRange&quot;:{&quot;unit&quot;:&quot;%&quot;,&quot;size&quot;:&quot;&quot;,&quot;sizes&quot;:{&quot;start&quot;:0,&quot;end&quot;:100}},&quot;background_motion_fx_devices&quot;:[&quot;desktop&quot;,&quot;tablet&quot;,&quot;mobile&quot;]}\">\n\t\t\t\t\t\t\t<div class=\"elementor-background-overlay\"><\/div>\n\t\t\t\t\t\t\t<div class=\"elementor-container elementor-column-gap-default\">\n\t\t\t\t\t<div class=\"elementor-column elementor-col-50 elementor-top-column elementor-element elementor-element-52be0e8\" data-id=\"52be0e8\" data-element_type=\"column\">\n\t\t\t<div class=\"elementor-widget-wrap elementor-element-populated\">\n\t\t\t\t\t\t<div class=\"elementor-element elementor-element-2d6b749 elementor-widget elementor-widget-heading\" data-id=\"2d6b749\" data-element_type=\"widget\" data-widget_type=\"heading.default\">\n\t\t\t\t<div class=\"elementor-widget-container\">\n\t\t\t\t\t<h2 class=\"elementor-heading-title elementor-size-default\">Quero inscrever-me agora<\/h2>\t\t\t\t<\/div>\n\t\t\t\t<\/div>\n\t\t\t\t<div class=\"elementor-element elementor-element-98dea7c elementor-widget elementor-widget-text-editor\" data-id=\"98dea7c\" data-element_type=\"widget\" data-widget_type=\"text-editor.default\">\n\t\t\t\t<div class=\"elementor-widget-container\">\n\t\t\t\t\t\t\t\t\t<p>Estamos \u00e0 disposi\u00e7\u00e3o para responder a qualquer quest\u00e3o.<br \/>Fale connosco e diga-nos como podemos ajudar.<\/p>\t\t\t\t\t\t\t\t<\/div>\n\t\t\t\t<\/div>\n\t\t\t\t\t<\/div>\n\t\t<\/div>\n\t\t\t\t<div class=\"elementor-column elementor-col-50 elementor-top-column elementor-element elementor-element-328eed0\" data-id=\"328eed0\" data-element_type=\"column\">\n\t\t\t<div class=\"elementor-widget-wrap elementor-element-populated\">\n\t\t\t\t\t\t<div class=\"elementor-element elementor-element-5c423de elementor-mobile-align-justify elementor-widget elementor-widget-button\" data-id=\"5c423de\" data-element_type=\"widget\" data-widget_type=\"button.default\">\n\t\t\t\t<div class=\"elementor-widget-container\">\n\t\t\t\t\t\t\t\t\t<div class=\"elementor-button-wrapper\">\n\t\t\t\t\t<a class=\"elementor-button elementor-button-link elementor-size-md\" href=\"https:\/\/www.misericordiadeseia.pt\/erpi\/pre-inscricao\/\">\n\t\t\t\t\t\t<span class=\"elementor-button-content-wrapper\">\n\t\t\t\t\t\t<span class=\"elementor-button-icon\">\n\t\t\t\t<i aria-hidden=\"true\" class=\"fas fa-chevron-right\"><\/i>\t\t\t<\/span>\n\t\t\t\t\t\t\t\t\t<span class=\"elementor-button-text\">Efetuar pr\u00e9 inscri\u00e7\u00e3o<\/span>\n\t\t\t\t\t<\/span>\n\t\t\t\t\t<\/a>\n\t\t\t\t<\/div>\n\t\t\t\t\t\t\t\t<\/div>\n\t\t\t\t<\/div>\n\t\t\t\t\t<\/div>\n\t\t<\/div>\n\t\t\t\t\t<\/div>\n\t\t<\/section>\n\t\t\t\t<\/div>\n\t\t","protected":false},"excerpt":{"rendered":"<p>Inscri\u00e7\u00e3o Documentos para Inscri\u00e7\u00e3o Cart\u00e3o de Cidad\u00e3o ou Bilhete de Identidade Cart\u00e3o de Sa\u00fade Declara\u00e7\u00e3o M\u00e9dica comprovativa da situa\u00e7\u00e3o de sa\u00fade do candidato com um resumo do processo cl\u00ednico N\u00famero de Identifica\u00e7\u00e3o Fiscal Declara\u00e7\u00e3o de IRS ou na falta desta, outro comprovativo de rendimentos Cart\u00e3o de benefici\u00e1rio da Seguran\u00e7a Social Declara\u00e7\u00e3o anual de pens\u00f5es, ou [&hellip;]<\/p>\n","protected":false},"author":3,"featured_media":0,"parent":0,"menu_order":0,"comment_status":"closed","ping_status":"closed","template":"elementor_header_footer","meta":{"footnotes":""},"class_list":["post-79","page","type-page","status-publish","hentry"],"yoast_head":"<!-- This site is optimized with the Yoast SEO plugin v27.4 - https:\/\/yoast.com\/product\/yoast-seo-wordpress\/ -->\n<title>Inscri\u00e7\u00e3o - Miseric\u00f3rdia de Seia - ERPI<\/title>\n<meta name=\"robots\" content=\"index, follow, max-snippet:-1, max-image-preview:large, max-video-preview:-1\" \/>\n<link rel=\"canonical\" href=\"https:\/\/www.misericordiadeseia.pt\/erpi\/admissao\/\" \/>\n<meta property=\"og:locale\" content=\"pt_PT\" \/>\n<meta property=\"og:type\" content=\"article\" \/>\n<meta property=\"og:title\" content=\"Inscri\u00e7\u00e3o - Miseric\u00f3rdia de Seia - ERPI\" \/>\n<meta property=\"og:description\" content=\"Inscri\u00e7\u00e3o Documentos para Inscri\u00e7\u00e3o Cart\u00e3o de Cidad\u00e3o ou Bilhete de Identidade Cart\u00e3o de Sa\u00fade Declara\u00e7\u00e3o M\u00e9dica comprovativa da situa\u00e7\u00e3o de sa\u00fade do candidato com um resumo do processo cl\u00ednico N\u00famero de Identifica\u00e7\u00e3o Fiscal Declara\u00e7\u00e3o de IRS ou na falta desta, outro comprovativo de rendimentos Cart\u00e3o de benefici\u00e1rio da Seguran\u00e7a Social Declara\u00e7\u00e3o anual de pens\u00f5es, ou [&hellip;]\" \/>\n<meta property=\"og:url\" content=\"https:\/\/www.misericordiadeseia.pt\/erpi\/admissao\/\" \/>\n<meta property=\"og:site_name\" content=\"Miseric\u00f3rdia de Seia - ERPI\" \/>\n<meta property=\"article:modified_time\" content=\"2025-02-20T15:38:07+00:00\" \/>\n<meta name=\"twitter:card\" content=\"summary_large_image\" \/>\n<meta name=\"twitter:label1\" content=\"Tempo estimado de leitura\" \/>\n\t<meta name=\"twitter:data1\" content=\"1 minuto\" \/>\n<script type=\"application\/ld+json\" class=\"yoast-schema-graph\">{\"@context\":\"https:\\\/\\\/schema.org\",\"@graph\":[{\"@type\":\"WebPage\",\"@id\":\"https:\\\/\\\/www.misericordiadeseia.pt\\\/erpi\\\/admissao\\\/\",\"url\":\"https:\\\/\\\/www.misericordiadeseia.pt\\\/erpi\\\/admissao\\\/\",\"name\":\"Inscri\u00e7\u00e3o - Miseric\u00f3rdia de Seia - ERPI\",\"isPartOf\":{\"@id\":\"https:\\\/\\\/www.misericordiadeseia.pt\\\/erpi\\\/#website\"},\"datePublished\":\"2021-07-20T11:44:22+00:00\",\"dateModified\":\"2025-02-20T15:38:07+00:00\",\"breadcrumb\":{\"@id\":\"https:\\\/\\\/www.misericordiadeseia.pt\\\/erpi\\\/admissao\\\/#breadcrumb\"},\"inLanguage\":\"pt-PT\",\"potentialAction\":[{\"@type\":\"ReadAction\",\"target\":[\"https:\\\/\\\/www.misericordiadeseia.pt\\\/erpi\\\/admissao\\\/\"]}]},{\"@type\":\"BreadcrumbList\",\"@id\":\"https:\\\/\\\/www.misericordiadeseia.pt\\\/erpi\\\/admissao\\\/#breadcrumb\",\"itemListElement\":[{\"@type\":\"ListItem\",\"position\":1,\"name\":\"In\u00edcio\",\"item\":\"https:\\\/\\\/www.misericordiadeseia.pt\\\/erpi\\\/\"},{\"@type\":\"ListItem\",\"position\":2,\"name\":\"Inscri\u00e7\u00e3o\"}]},{\"@type\":\"WebSite\",\"@id\":\"https:\\\/\\\/www.misericordiadeseia.pt\\\/erpi\\\/#website\",\"url\":\"https:\\\/\\\/www.misericordiadeseia.pt\\\/erpi\\\/\",\"name\":\"Miseric\u00f3rdia de Seia - ERPI\",\"description\":\"Estrutura Residencial para Pessoas Idosas\",\"publisher\":{\"@id\":\"https:\\\/\\\/www.misericordiadeseia.pt\\\/erpi\\\/#organization\"},\"potentialAction\":[{\"@type\":\"SearchAction\",\"target\":{\"@type\":\"EntryPoint\",\"urlTemplate\":\"https:\\\/\\\/www.misericordiadeseia.pt\\\/erpi\\\/?s={search_term_string}\"},\"query-input\":{\"@type\":\"PropertyValueSpecification\",\"valueRequired\":true,\"valueName\":\"search_term_string\"}}],\"inLanguage\":\"pt-PT\"},{\"@type\":\"Organization\",\"@id\":\"https:\\\/\\\/www.misericordiadeseia.pt\\\/erpi\\\/#organization\",\"name\":\"Miseric\u00f3rdia de Seia - ERPI\",\"url\":\"https:\\\/\\\/www.misericordiadeseia.pt\\\/erpi\\\/\",\"logo\":{\"@type\":\"ImageObject\",\"inLanguage\":\"pt-PT\",\"@id\":\"https:\\\/\\\/www.misericordiadeseia.pt\\\/erpi\\\/#\\\/schema\\\/logo\\\/image\\\/\",\"url\":\"https:\\\/\\\/www.misericordiadeseia.pt\\\/erpi\\\/wp-content\\\/uploads\\\/2021\\\/03\\\/logo-misericordiadeseia.png\",\"contentUrl\":\"https:\\\/\\\/www.misericordiadeseia.pt\\\/erpi\\\/wp-content\\\/uploads\\\/2021\\\/03\\\/logo-misericordiadeseia.png\",\"width\":1646,\"height\":445,\"caption\":\"Miseric\u00f3rdia de Seia - ERPI\"},\"image\":{\"@id\":\"https:\\\/\\\/www.misericordiadeseia.pt\\\/erpi\\\/#\\\/schema\\\/logo\\\/image\\\/\"}}]}<\/script>\n<!-- \/ Yoast SEO plugin. -->","yoast_head_json":{"title":"Inscri\u00e7\u00e3o - Miseric\u00f3rdia de Seia - ERPI","robots":{"index":"index","follow":"follow","max-snippet":"max-snippet:-1","max-image-preview":"max-image-preview:large","max-video-preview":"max-video-preview:-1"},"canonical":"https:\/\/www.misericordiadeseia.pt\/erpi\/admissao\/","og_locale":"pt_PT","og_type":"article","og_title":"Inscri\u00e7\u00e3o - Miseric\u00f3rdia de Seia - ERPI","og_description":"Inscri\u00e7\u00e3o Documentos para Inscri\u00e7\u00e3o Cart\u00e3o de Cidad\u00e3o ou Bilhete de Identidade Cart\u00e3o de Sa\u00fade Declara\u00e7\u00e3o M\u00e9dica comprovativa da situa\u00e7\u00e3o de sa\u00fade do candidato com um resumo do processo cl\u00ednico N\u00famero de Identifica\u00e7\u00e3o Fiscal Declara\u00e7\u00e3o de IRS ou na falta desta, outro comprovativo de rendimentos Cart\u00e3o de benefici\u00e1rio da Seguran\u00e7a Social Declara\u00e7\u00e3o anual de pens\u00f5es, ou [&hellip;]","og_url":"https:\/\/www.misericordiadeseia.pt\/erpi\/admissao\/","og_site_name":"Miseric\u00f3rdia de Seia - ERPI","article_modified_time":"2025-02-20T15:38:07+00:00","twitter_card":"summary_large_image","twitter_misc":{"Tempo estimado de leitura":"1 minuto"},"schema":{"@context":"https:\/\/schema.org","@graph":[{"@type":"WebPage","@id":"https:\/\/www.misericordiadeseia.pt\/erpi\/admissao\/","url":"https:\/\/www.misericordiadeseia.pt\/erpi\/admissao\/","name":"Inscri\u00e7\u00e3o - Miseric\u00f3rdia de Seia - ERPI","isPartOf":{"@id":"https:\/\/www.misericordiadeseia.pt\/erpi\/#website"},"datePublished":"2021-07-20T11:44:22+00:00","dateModified":"2025-02-20T15:38:07+00:00","breadcrumb":{"@id":"https:\/\/www.misericordiadeseia.pt\/erpi\/admissao\/#breadcrumb"},"inLanguage":"pt-PT","potentialAction":[{"@type":"ReadAction","target":["https:\/\/www.misericordiadeseia.pt\/erpi\/admissao\/"]}]},{"@type":"BreadcrumbList","@id":"https:\/\/www.misericordiadeseia.pt\/erpi\/admissao\/#breadcrumb","itemListElement":[{"@type":"ListItem","position":1,"name":"In\u00edcio","item":"https:\/\/www.misericordiadeseia.pt\/erpi\/"},{"@type":"ListItem","position":2,"name":"Inscri\u00e7\u00e3o"}]},{"@type":"WebSite","@id":"https:\/\/www.misericordiadeseia.pt\/erpi\/#website","url":"https:\/\/www.misericordiadeseia.pt\/erpi\/","name":"Miseric\u00f3rdia de Seia - ERPI","description":"Estrutura Residencial para Pessoas Idosas","publisher":{"@id":"https:\/\/www.misericordiadeseia.pt\/erpi\/#organization"},"potentialAction":[{"@type":"SearchAction","target":{"@type":"EntryPoint","urlTemplate":"https:\/\/www.misericordiadeseia.pt\/erpi\/?s={search_term_string}"},"query-input":{"@type":"PropertyValueSpecification","valueRequired":true,"valueName":"search_term_string"}}],"inLanguage":"pt-PT"},{"@type":"Organization","@id":"https:\/\/www.misericordiadeseia.pt\/erpi\/#organization","name":"Miseric\u00f3rdia de Seia - ERPI","url":"https:\/\/www.misericordiadeseia.pt\/erpi\/","logo":{"@type":"ImageObject","inLanguage":"pt-PT","@id":"https:\/\/www.misericordiadeseia.pt\/erpi\/#\/schema\/logo\/image\/","url":"https:\/\/www.misericordiadeseia.pt\/erpi\/wp-content\/uploads\/2021\/03\/logo-misericordiadeseia.png","contentUrl":"https:\/\/www.misericordiadeseia.pt\/erpi\/wp-content\/uploads\/2021\/03\/logo-misericordiadeseia.png","width":1646,"height":445,"caption":"Miseric\u00f3rdia de Seia - ERPI"},"image":{"@id":"https:\/\/www.misericordiadeseia.pt\/erpi\/#\/schema\/logo\/image\/"}}]}},"_links":{"self":[{"href":"https:\/\/www.misericordiadeseia.pt\/erpi\/wp-json\/wp\/v2\/pages\/79","targetHints":{"allow":["GET"]}}],"collection":[{"href":"https:\/\/www.misericordiadeseia.pt\/erpi\/wp-json\/wp\/v2\/pages"}],"about":[{"href":"https:\/\/www.misericordiadeseia.pt\/erpi\/wp-json\/wp\/v2\/types\/page"}],"author":[{"embeddable":true,"href":"https:\/\/www.misericordiadeseia.pt\/erpi\/wp-json\/wp\/v2\/users\/3"}],"replies":[{"embeddable":true,"href":"https:\/\/www.misericordiadeseia.pt\/erpi\/wp-json\/wp\/v2\/comments?post=79"}],"version-history":[{"count":78,"href":"https:\/\/www.misericordiadeseia.pt\/erpi\/wp-json\/wp\/v2\/pages\/79\/revisions"}],"predecessor-version":[{"id":1104,"href":"https:\/\/www.misericordiadeseia.pt\/erpi\/wp-json\/wp\/v2\/pages\/79\/revisions\/1104"}],"wp:attachment":[{"href":"https:\/\/www.misericordiadeseia.pt\/erpi\/wp-json\/wp\/v2\/media?parent=79"}],"curies":[{"name":"wp","href":"https:\/\/api.w.org\/{rel}","templated":true}]}}